{"id":243406,"date":"2024-09-12T09:40:35","date_gmt":"2024-09-12T09:40:35","guid":{"rendered":"https:\/\/bureaugelijkebehandeling.nl\/sirketler-ve-kuruluslar\/"},"modified":"2025-09-22T12:00:53","modified_gmt":"2025-09-22T10:00:53","slug":"sirketler-ve-kuruluslar","status":"publish","type":"page","link":"https:\/\/bureaugelijkebehandeling.nl\/tr\/sirketler-ve-kuruluslar\/","title":{"rendered":"\u015eirketler ve kurulu\u015flar"},"content":{"rendered":"<div class=\"et_pb_section_0 et_pb_section et_section_regular et_block_section\"><div class=\"et_pb_row_0 et_pb_row et_block_row\"><div class=\"et_pb_column_0 et_pb_column et_pb_column_4_4 et-last-child et_block_column et_pb_css_mix_blend_mode_passthrough\"><div class=\"et_pb_text_0 et_pb_text et_pb_bg_layout_light et_pb_module et_flex_module\"><div class=\"et_pb_text_inner\"><h1>\u015eirketler ve kurulu\u015flar i\u00e7in e\u011fitim<\/h1>\n<\/div><\/div><\/div><\/div><div class=\"et_pb_row_1 et_pb_row et_pb_row_1-4_1-2_1-4 et_block_row et_block_row_1-4_1-2_1-4\"><div class=\"et_pb_column_1 et_pb_column et_pb_column_1_4 et_block_column et_pb_css_mix_blend_mode_passthrough\"><div class=\"et_pb_image_0 et_pb_image et_pb_module et_flex_module\"><span class=\"et_pb_image_wrap\"><img loading=\"lazy\" decoding=\"async\" src=\"https:\/\/bureaugelijkebehandeling.nl\/wp-content\/uploads\/2024\/11\/Bedrijven-Seksuele-diversiteit-web.png\" alt=\"cinsel \u00e7e\u015fitlilikte g\u00f6r\u00fcnt\u00fc\" title=\"\u0130\u015f-Seks-\u00e7e\u015fitlilik-web\" width=\"400\" height=\"400\" srcset=\"https:\/\/bureaugelijkebehandeling.nl\/wp-content\/uploads\/2024\/11\/Bedrijven-Seksuele-diversiteit-web.png 400w, https:\/\/bureaugelijkebehandeling.nl\/wp-content\/uploads\/2024\/11\/Bedrijven-Seksuele-diversiteit-web-300x300.png 300w, https:\/\/bureaugelijkebehandeling.nl\/wp-content\/uploads\/2024\/11\/Bedrijven-Seksuele-diversiteit-web-150x150.png 150w\" sizes=\"(max-width: 400px) 100vw, 400px\" class=\"wp-image-240109\" \/><\/span><\/div><\/div><div class=\"et_pb_column_2 et_pb_column et_pb_column_1_2 et_block_column et_pb_css_mix_blend_mode_passthrough\"><div class=\"et_pb_text_1 et_pb_text et_pb_bg_layout_light et_pb_module et_flex_module\"><div class=\"et_pb_text_inner\"><h2><strong>Stereotiplerden Kabullenmeye<br \/><\/strong><\/h2>\n<p><strong>Toplumda LGBT+<\/strong><\/p>\n<p>Bu e\u011fitim, konu\u015fmay\u0131 ba\u015flatmak ve a\u015fa\u011f\u0131daki gibi sorulara i\u00e7g\u00f6r\u00fc sa\u011flamak i\u00e7in tasarlanm\u0131\u015ft\u0131r: LGBT+ toplulu\u011fu hakk\u0131nda konu\u015furken nelerden bahsediyoruz ve g\u00f6r\u00fcn\u00fcrl\u00fck neden bu kadar \u00f6nemli?<\/p>\n<\/div><\/div><div class=\"et_pb_module et_pb_button_module_wrapper et_pb_button_0_wrapper\"><a class=\"et_pb_button_0 et_pb_button et_pb_bg_layout_dark et_pb_module et_flex_module\" href=\"https:\/\/bureaugelijkebehandeling.nl\/project\/van-stereotypen-naar-acceptatie\/\" data-icon=\"$\">Buradan e\u011fitim sayfas\u0131na gidin<\/a><\/div><\/div><div class=\"et_pb_column_3 et_pb_column et_pb_column_1_4 et-last-child et_block_column et_pb_column_empty et_pb_css_mix_blend_mode_passthrough\"><\/div><\/div><div class=\"et_pb_row_2 et_pb_row et_pb_row_1-4_1-2_1-4 et_block_row et_block_row_1-4_1-2_1-4\"><div class=\"et_pb_column_4 et_pb_column et_pb_column_1_4 et_block_column et_pb_css_mix_blend_mode_passthrough\"><div class=\"et_pb_image_1 et_pb_image et_pb_module et_flex_module\"><span class=\"et_pb_image_wrap\"><img loading=\"lazy\" decoding=\"async\" src=\"https:\/\/bureaugelijkebehandeling.nl\/wp-content\/uploads\/2024\/11\/Bedrijven-eerste-indruk-web.png\" alt=\"\u00f6nyarg\u0131da ill\u00fcstrasyon\" title=\"\u015eirketler-ilk-bask\u0131-web\" width=\"400\" height=\"400\" srcset=\"https:\/\/bureaugelijkebehandeling.nl\/wp-content\/uploads\/2024\/11\/Bedrijven-eerste-indruk-web.png 400w, https:\/\/bureaugelijkebehandeling.nl\/wp-content\/uploads\/2024\/11\/Bedrijven-eerste-indruk-web-300x300.png 300w, https:\/\/bureaugelijkebehandeling.nl\/wp-content\/uploads\/2024\/11\/Bedrijven-eerste-indruk-web-150x150.png 150w\" sizes=\"(max-width: 400px) 100vw, 400px\" class=\"wp-image-240103\" \/><\/span><\/div><\/div><div class=\"et_pb_column_5 et_pb_column et_pb_column_1_2 et_block_column et_pb_css_mix_blend_mode_passthrough\"><div class=\"et_pb_text_2 et_pb_text et_pb_bg_layout_light et_pb_module et_flex_module\"><div class=\"et_pb_text_inner\"><h2><strong>\u0130lk izlenim<\/strong><strong><\/strong><\/h2>\n<p>E\u011fitimimiz, profesyonellere g\u00fcnl\u00fck i\u015flerini etkileyen ilk izlenimler, \u00f6nyarg\u0131lar ve stereotiplerle bilin\u00e7li bir \u015fekilde ba\u015fa \u00e7\u0131kmalar\u0131 i\u00e7in ara\u00e7lar ve i\u00e7g\u00f6r\u00fcler sa\u011flar.  <\/p>\n<\/div><\/div><div class=\"et_pb_module et_pb_button_module_wrapper et_pb_button_1_wrapper\"><a class=\"et_pb_button_1 et_pb_button et_pb_bg_layout_dark et_pb_module et_flex_module\" href=\"https:\/\/bureaugelijkebehandeling.nl\/project\/de-eerste-indruk\/\" data-icon=\"$\">Buradan e\u011fitim sayfas\u0131na gidin<\/a><\/div><\/div><div class=\"et_pb_column_6 et_pb_column et_pb_column_1_4 et-last-child et_block_column et_pb_column_empty et_pb_css_mix_blend_mode_passthrough\"><\/div><\/div><div class=\"et_pb_row_3 et_pb_row et_pb_row_1-4_1-2_1-4 et_block_row et_block_row_1-4_1-2_1-4\"><div class=\"et_pb_column_7 et_pb_column et_pb_column_1_4 et_block_column et_pb_css_mix_blend_mode_passthrough\"><div class=\"et_pb_image_2 et_pb_image et_pb_module et_flex_module\"><span class=\"et_pb_image_wrap\"><img loading=\"lazy\" decoding=\"async\" src=\"https:\/\/bureaugelijkebehandeling.nl\/wp-content\/uploads\/2024\/11\/Bedrijven-cultuursensitief-web.png\" alt=\"\u00f6nyarg\u0131da ill\u00fcstrasyon\" title=\"\u0130\u015f-k\u00fclt\u00fcr-web\" width=\"400\" height=\"400\" srcset=\"https:\/\/bureaugelijkebehandeling.nl\/wp-content\/uploads\/2024\/11\/Bedrijven-cultuursensitief-web.png 400w, https:\/\/bureaugelijkebehandeling.nl\/wp-content\/uploads\/2024\/11\/Bedrijven-cultuursensitief-web-300x300.png 300w, https:\/\/bureaugelijkebehandeling.nl\/wp-content\/uploads\/2024\/11\/Bedrijven-cultuursensitief-web-150x150.png 150w\" sizes=\"(max-width: 400px) 100vw, 400px\" class=\"wp-image-240104\" \/><\/span><\/div><\/div><div class=\"et_pb_column_8 et_pb_column et_pb_column_1_2 et_block_column et_pb_css_mix_blend_mode_passthrough\"><div class=\"et_pb_text_3 et_pb_text et_pb_bg_layout_light et_pb_module et_flex_module\"><div class=\"et_pb_text_inner\"><h2><strong>K\u00fclt\u00fcre duyarl\u0131 \u00e7al\u0131\u015fma<\/strong><\/h2>\n<p>K\u00fclt\u00fcre duyarl\u0131 \u00e7al\u0131\u015fma e\u011fitimi, farkl\u0131 k\u00fclt\u00fcrel ge\u00e7mi\u015flerden gelen insanlarla etkili bir \u015fekilde ileti\u015fim kurmak ve \u00e7al\u0131\u015fmak i\u00e7in fark\u0131ndal\u0131k ve beceriler geli\u015ftirmeye odaklan\u0131r.<\/p>\n<\/div><\/div><div class=\"et_pb_module et_pb_button_module_wrapper et_pb_button_2_wrapper\"><a class=\"et_pb_button_2 et_pb_button et_pb_bg_layout_dark et_pb_module et_flex_module\" href=\"https:\/\/bureaugelijkebehandeling.nl\/project\/cultuursensitief-werken\/\" data-icon=\"$\">Buradan e\u011fitim sayfas\u0131na gidin<\/a><\/div><\/div><div class=\"et_pb_column_9 et_pb_column et_pb_column_1_4 et-last-child et_block_column et_pb_column_empty et_pb_css_mix_blend_mode_passthrough\"><\/div><\/div><\/div>","protected":false},"excerpt":{"rendered":"","protected":false},"author":1,"featured_media":0,"parent":0,"menu_order":0,"comment_status":"closed","ping_status":"closed","template":"","meta":{"footnotes":""},"class_list":["post-243406","page","type-page","status-publish","hentry"],"yoast_head":"<!-- This site is optimized with the Yoast SEO plugin v27.6 - https:\/\/yoast.com\/product\/yoast-seo-wordpress\/ -->\n<title>\u015eirketler ve kurulu\u015flar - Bureau Gelijke Behandeling Flevoland<\/title>\n<meta name=\"description\" content=\"\u015eirketler ve Kurulu\u015flar i\u00e7in Dersler, \u00c7al\u0131\u015ftaylar ve E\u011fitimler. Bureau Gelijke Behandeling Flevoland taraf\u0131ndan \u00e7e\u015fitlilik, \u0131rk\u00e7\u0131l\u0131k, ayr\u0131mc\u0131l\u0131k ve cinsel ve cinsiyet \u00e7e\u015fitlili\u011fi hakk\u0131nda\" \/>\n<meta name=\"robots\" content=\"index, follow, max-snippet:-1, max-image-preview:large, max-video-preview:-1\" \/>\n<link rel=\"canonical\" href=\"https:\/\/bureaugelijkebehandeling.nl\/tr\/sirketler-ve-kuruluslar\/\" \/>\n<meta property=\"og:locale\" content=\"tr_TR\" \/>\n<meta property=\"og:type\" content=\"article\" \/>\n<meta property=\"og:title\" content=\"\u015eirketler ve kurulu\u015flar - Bureau Gelijke Behandeling Flevoland\" \/>\n<meta property=\"og:description\" content=\"\u015eirketler ve Kurulu\u015flar i\u00e7in Dersler, \u00c7al\u0131\u015ftaylar ve E\u011fitimler. Bureau Gelijke Behandeling Flevoland taraf\u0131ndan \u00e7e\u015fitlilik, \u0131rk\u00e7\u0131l\u0131k, ayr\u0131mc\u0131l\u0131k ve cinsel ve cinsiyet \u00e7e\u015fitlili\u011fi hakk\u0131nda\" \/>\n<meta property=\"og:url\" content=\"https:\/\/bureaugelijkebehandeling.nl\/tr\/sirketler-ve-kuruluslar\/\" \/>\n<meta property=\"og:site_name\" content=\"Bureau Gelijke Behandeling Flevoland\" \/>\n<meta property=\"article:modified_time\" content=\"2025-09-22T10:00:53+00:00\" \/>\n<meta name=\"twitter:card\" content=\"summary_large_image\" \/>\n<script type=\"application\/ld+json\" class=\"yoast-schema-graph\">{\"@context\":\"https:\\\/\\\/schema.org\",\"@graph\":[{\"@type\":\"WebPage\",\"@id\":\"https:\\\/\\\/bureaugelijkebehandeling.nl\\\/tr\\\/sirketler-ve-kuruluslar\\\/\",\"url\":\"https:\\\/\\\/bureaugelijkebehandeling.nl\\\/tr\\\/sirketler-ve-kuruluslar\\\/\",\"name\":\"\u015eirketler ve kurulu\u015flar - Bureau Gelijke Behandeling Flevoland\",\"isPartOf\":{\"@id\":\"https:\\\/\\\/bureaugelijkebehandeling.nl\\\/tr\\\/#website\"},\"datePublished\":\"2024-09-12T09:40:35+00:00\",\"dateModified\":\"2025-09-22T10:00:53+00:00\",\"description\":\"\u015eirketler ve Kurulu\u015flar i\u00e7in Dersler, \u00c7al\u0131\u015ftaylar ve E\u011fitimler. Bureau Gelijke Behandeling Flevoland taraf\u0131ndan \u00e7e\u015fitlilik, \u0131rk\u00e7\u0131l\u0131k, ayr\u0131mc\u0131l\u0131k ve cinsel ve cinsiyet \u00e7e\u015fitlili\u011fi hakk\u0131nda\",\"breadcrumb\":{\"@id\":\"https:\\\/\\\/bureaugelijkebehandeling.nl\\\/tr\\\/sirketler-ve-kuruluslar\\\/#breadcrumb\"},\"inLanguage\":\"tr\",\"potentialAction\":[{\"@type\":\"ReadAction\",\"target\":[\"https:\\\/\\\/bureaugelijkebehandeling.nl\\\/tr\\\/sirketler-ve-kuruluslar\\\/\"]}]},{\"@type\":\"BreadcrumbList\",\"@id\":\"https:\\\/\\\/bureaugelijkebehandeling.nl\\\/tr\\\/sirketler-ve-kuruluslar\\\/#breadcrumb\",\"itemListElement\":[{\"@type\":\"ListItem\",\"position\":1,\"name\":\"Home\",\"item\":\"https:\\\/\\\/bureaugelijkebehandeling.nl\\\/tr\\\/\"},{\"@type\":\"ListItem\",\"position\":2,\"name\":\"\u015eirketler ve kurulu\u015flar\"}]},{\"@type\":\"WebSite\",\"@id\":\"https:\\\/\\\/bureaugelijkebehandeling.nl\\\/tr\\\/#website\",\"url\":\"https:\\\/\\\/bureaugelijkebehandeling.nl\\\/tr\\\/\",\"name\":\"Bureau Gelijke Behandeling Flevoland\",\"description\":\"\",\"potentialAction\":[{\"@type\":\"SearchAction\",\"target\":{\"@type\":\"EntryPoint\",\"urlTemplate\":\"https:\\\/\\\/bureaugelijkebehandeling.nl\\\/tr\\\/?s={search_term_string}\"},\"query-input\":{\"@type\":\"PropertyValueSpecification\",\"valueRequired\":true,\"valueName\":\"search_term_string\"}}],\"inLanguage\":\"tr\"}]}<\/script>\n<!-- \/ Yoast SEO plugin. -->","yoast_head_json":{"title":"\u015eirketler ve kurulu\u015flar - Bureau Gelijke Behandeling Flevoland","description":"\u015eirketler ve Kurulu\u015flar i\u00e7in Dersler, \u00c7al\u0131\u015ftaylar ve E\u011fitimler. Bureau Gelijke Behandeling Flevoland taraf\u0131ndan \u00e7e\u015fitlilik, \u0131rk\u00e7\u0131l\u0131k, ayr\u0131mc\u0131l\u0131k ve cinsel ve cinsiyet \u00e7e\u015fitlili\u011fi hakk\u0131nda","robots":{"index":"index","follow":"follow","max-snippet":"max-snippet:-1","max-image-preview":"max-image-preview:large","max-video-preview":"max-video-preview:-1"},"canonical":"https:\/\/bureaugelijkebehandeling.nl\/tr\/sirketler-ve-kuruluslar\/","og_locale":"tr_TR","og_type":"article","og_title":"\u015eirketler ve kurulu\u015flar - Bureau Gelijke Behandeling Flevoland","og_description":"\u015eirketler ve Kurulu\u015flar i\u00e7in Dersler, \u00c7al\u0131\u015ftaylar ve E\u011fitimler. Bureau Gelijke Behandeling Flevoland taraf\u0131ndan \u00e7e\u015fitlilik, \u0131rk\u00e7\u0131l\u0131k, ayr\u0131mc\u0131l\u0131k ve cinsel ve cinsiyet \u00e7e\u015fitlili\u011fi hakk\u0131nda","og_url":"https:\/\/bureaugelijkebehandeling.nl\/tr\/sirketler-ve-kuruluslar\/","og_site_name":"Bureau Gelijke Behandeling Flevoland","article_modified_time":"2025-09-22T10:00:53+00:00","twitter_card":"summary_large_image","schema":{"@context":"https:\/\/schema.org","@graph":[{"@type":"WebPage","@id":"https:\/\/bureaugelijkebehandeling.nl\/tr\/sirketler-ve-kuruluslar\/","url":"https:\/\/bureaugelijkebehandeling.nl\/tr\/sirketler-ve-kuruluslar\/","name":"\u015eirketler ve kurulu\u015flar - Bureau Gelijke Behandeling Flevoland","isPartOf":{"@id":"https:\/\/bureaugelijkebehandeling.nl\/tr\/#website"},"datePublished":"2024-09-12T09:40:35+00:00","dateModified":"2025-09-22T10:00:53+00:00","description":"\u015eirketler ve Kurulu\u015flar i\u00e7in Dersler, \u00c7al\u0131\u015ftaylar ve E\u011fitimler. Bureau Gelijke Behandeling Flevoland taraf\u0131ndan \u00e7e\u015fitlilik, \u0131rk\u00e7\u0131l\u0131k, ayr\u0131mc\u0131l\u0131k ve cinsel ve cinsiyet \u00e7e\u015fitlili\u011fi hakk\u0131nda","breadcrumb":{"@id":"https:\/\/bureaugelijkebehandeling.nl\/tr\/sirketler-ve-kuruluslar\/#breadcrumb"},"inLanguage":"tr","potentialAction":[{"@type":"ReadAction","target":["https:\/\/bureaugelijkebehandeling.nl\/tr\/sirketler-ve-kuruluslar\/"]}]},{"@type":"BreadcrumbList","@id":"https:\/\/bureaugelijkebehandeling.nl\/tr\/sirketler-ve-kuruluslar\/#breadcrumb","itemListElement":[{"@type":"ListItem","position":1,"name":"Home","item":"https:\/\/bureaugelijkebehandeling.nl\/tr\/"},{"@type":"ListItem","position":2,"name":"\u015eirketler ve kurulu\u015flar"}]},{"@type":"WebSite","@id":"https:\/\/bureaugelijkebehandeling.nl\/tr\/#website","url":"https:\/\/bureaugelijkebehandeling.nl\/tr\/","name":"Bureau Gelijke Behandeling Flevoland","description":"","potentialAction":[{"@type":"SearchAction","target":{"@type":"EntryPoint","urlTemplate":"https:\/\/bureaugelijkebehandeling.nl\/tr\/?s={search_term_string}"},"query-input":{"@type":"PropertyValueSpecification","valueRequired":true,"valueName":"search_term_string"}}],"inLanguage":"tr"}]}},"_links":{"self":[{"href":"https:\/\/bureaugelijkebehandeling.nl\/tr\/wp-json\/wp\/v2\/pages\/243406","targetHints":{"allow":["GET"]}}],"collection":[{"href":"https:\/\/bureaugelijkebehandeling.nl\/tr\/wp-json\/wp\/v2\/pages"}],"about":[{"href":"https:\/\/bureaugelijkebehandeling.nl\/tr\/wp-json\/wp\/v2\/types\/page"}],"author":[{"embeddable":true,"href":"https:\/\/bureaugelijkebehandeling.nl\/tr\/wp-json\/wp\/v2\/users\/1"}],"replies":[{"embeddable":true,"href":"https:\/\/bureaugelijkebehandeling.nl\/tr\/wp-json\/wp\/v2\/comments?post=243406"}],"version-history":[{"count":2,"href":"https:\/\/bureaugelijkebehandeling.nl\/tr\/wp-json\/wp\/v2\/pages\/243406\/revisions"}],"predecessor-version":[{"id":243410,"href":"https:\/\/bureaugelijkebehandeling.nl\/tr\/wp-json\/wp\/v2\/pages\/243406\/revisions\/243410"}],"wp:attachment":[{"href":"https:\/\/bureaugelijkebehandeling.nl\/tr\/wp-json\/wp\/v2\/media?parent=243406"}],"curies":[{"name":"wp","href":"https:\/\/api.w.org\/{rel}","templated":true}]}}