{"id":244320,"date":"2021-04-13T08:30:53","date_gmt":"2021-04-13T08:30:53","guid":{"rendered":"https:\/\/bureaugelijkebehandeling.nl\/kontakt\/"},"modified":"2025-09-22T12:00:20","modified_gmt":"2025-09-22T10:00:20","slug":"kontakt","status":"publish","type":"page","link":"https:\/\/bureaugelijkebehandeling.nl\/pl\/kontakt\/","title":{"rendered":"Kontakt"},"content":{"rendered":"<div class=\"et_pb_section_0 et_pb_section et_section_specialty et_flex_section\"><div class=\"et_pb_row et_flex_row\">\n<div class=\"et_pb_column_0 et_pb_column et_flex_column et_pb_css_mix_blend_mode_passthrough et_flex_column_24_24 et_flex_column_24_24_tablet et_flex_column_24_24_phone\">\n<div class=\"et_pb_row_inner_0 et_pb_row_inner et_flex_row\">\n<div class=\"et_pb_column_inner_0 et_pb_column_inner et-last-child et_flex_column et_pb_css_mix_blend_mode_passthrough\">\n<div class=\"et_pb_text_0 et_pb_text et_pb_bg_layout_light et_pb_module et_flex_module\"><div class=\"et_pb_text_inner\"><h2>Kontakt<\/h2>\n<\/div><\/div>\n<\/div>\n<\/div>\n\n<div class=\"et_pb_row_inner_1 et_pb_row_inner et_flex_row\">\n<div class=\"et_pb_column_inner_1 et_pb_column_inner et-last-child et_flex_column et_pb_css_mix_blend_mode_passthrough\">\n<div class=\"et_pb_text_1 et_pb_text et_pb_bg_layout_light et_pb_module et_flex_module\"><div class=\"et_pb_text_inner\"><p><strong>Biuro Lelystad ul. <\/strong><br \/>Zilverparkkade 16 <br \/>8232 WJ Lelystad <br \/>0320-233327<\/p>\n<p><a href=\"mailto:info@bureaugelijkebehandeling.nl\"><strong>info@bureaugelijkebehandeling.nl<\/strong><\/a><\/p>\n<\/div><\/div>\n\n<div class=\"et_pb_divider_0 et_pb_divider et_pb_space et_pb_divider_position_top et_pb_module\"><div class=\"et_pb_divider_internal\"><\/div><\/div>\n\n<div class=\"et_pb_text_2 et_pb_text et_pb_bg_layout_light et_pb_module et_flex_module\"><div class=\"et_pb_text_inner\"><p>Biuro Almere ul. <br \/>Flevostraat 10 <br \/>1315 CC Almere <br \/>036-5297670<\/p>\n<\/div><\/div>\n<\/div>\n<\/div>\n\n<div class=\"et_pb_row_inner_2 et_pb_row_inner et_flex_row\">\n<div class=\"et_pb_column_inner_2 et_pb_column_inner et-last-child et_flex_column et_pb_css_mix_blend_mode_passthrough\">\n<div class=\"et_pb_text_3 et_pb_text et_pb_bg_layout_light et_pb_module et_flex_module\"><div class=\"et_pb_text_inner\"><p>Nasze biura mo\u017cna odwiedza\u0107 po wcze\u015bniejszym um\u00f3wieniu si\u0119.<\/p>\n<\/div><\/div>\n<\/div>\n<\/div>\n\n<div class=\"et_pb_row_inner_3 et_pb_row_inner et_flex_row\">\n<div class=\"et_pb_column_inner_3 et_pb_column_inner et-last-child et_flex_column et_pb_css_mix_blend_mode_passthrough\">\n<div class=\"et_pb_text_4 et_pb_text et_pb_bg_layout_light et_pb_module et_flex_module\"><div class=\"et_pb_text_inner\"><h4><strong>Prasa<\/strong><\/h4>\n<p><strong><br \/><\/strong>W przypadku zapyta\u0144 prasowych prosimy o kontakt: 0320-233327 lub <a href=\"mailto:info@bureaugelijkebehandeling.nl\"><strong>info@bureaugelijkebehandeling.nl<\/strong><\/a><\/p>\n<\/div><\/div>\n<\/div>\n<\/div>\n<\/div>\n\n<div class=\"et_pb_column_1 et_pb_column et-last-child et_flex_column et_pb_css_mix_blend_mode_passthrough et_flex_column_24_24 et_flex_column_24_24_tablet et_flex_column_24_24_phone\">\n<div class=\"et_pb_code_0 et_pb_code et_pb_module\"><div class=\"et_pb_code_inner\"><iframe loading=\"lazy\" src=\"https:\/\/www.google.com\/maps\/d\/embed?mid=1V-snIUSJZ0NCwnFj_JxXZE7-IVp-l2Vt&amp;ehbc=2E312F\" width=\"640\" height=\"480\"><\/iframe><\/div><\/div>\n<\/div>\n<\/div><\/div>","protected":false},"excerpt":{"rendered":"","protected":false},"author":1,"featured_media":0,"parent":0,"menu_order":0,"comment_status":"closed","ping_status":"closed","template":"","meta":{"footnotes":""},"class_list":["post-244320","page","type-page","status-publish","hentry"],"yoast_head":"<!-- This site is optimized with the Yoast SEO plugin v27.6 - https:\/\/yoast.com\/product\/yoast-seo-wordpress\/ -->\n<title>Kontakt - Bureau Gelijke Behandeling Flevoland<\/title>\n<meta name=\"robots\" content=\"index, follow, max-snippet:-1, max-image-preview:large, max-video-preview:-1\" \/>\n<link rel=\"canonical\" href=\"https:\/\/bureaugelijkebehandeling.nl\/pl\/kontakt\/\" \/>\n<meta property=\"og:locale\" content=\"pl_PL\" \/>\n<meta property=\"og:type\" content=\"article\" \/>\n<meta property=\"og:title\" content=\"Kontakt - Bureau Gelijke Behandeling Flevoland\" \/>\n<meta property=\"og:url\" content=\"https:\/\/bureaugelijkebehandeling.nl\/pl\/kontakt\/\" \/>\n<meta property=\"og:site_name\" content=\"Bureau Gelijke Behandeling Flevoland\" \/>\n<meta property=\"article:modified_time\" content=\"2025-09-22T10:00:20+00:00\" \/>\n<meta name=\"twitter:card\" content=\"summary_large_image\" \/>\n<script type=\"application\/ld+json\" class=\"yoast-schema-graph\">{\"@context\":\"https:\\\/\\\/schema.org\",\"@graph\":[{\"@type\":\"WebPage\",\"@id\":\"https:\\\/\\\/bureaugelijkebehandeling.nl\\\/pl\\\/kontakt\\\/\",\"url\":\"https:\\\/\\\/bureaugelijkebehandeling.nl\\\/pl\\\/kontakt\\\/\",\"name\":\"Kontakt - Bureau Gelijke Behandeling Flevoland\",\"isPartOf\":{\"@id\":\"https:\\\/\\\/bureaugelijkebehandeling.nl\\\/pl\\\/#website\"},\"datePublished\":\"2021-04-13T08:30:53+00:00\",\"dateModified\":\"2025-09-22T10:00:20+00:00\",\"breadcrumb\":{\"@id\":\"https:\\\/\\\/bureaugelijkebehandeling.nl\\\/pl\\\/kontakt\\\/#breadcrumb\"},\"inLanguage\":\"pl-PL\",\"potentialAction\":[{\"@type\":\"ReadAction\",\"target\":[\"https:\\\/\\\/bureaugelijkebehandeling.nl\\\/pl\\\/kontakt\\\/\"]}]},{\"@type\":\"BreadcrumbList\",\"@id\":\"https:\\\/\\\/bureaugelijkebehandeling.nl\\\/pl\\\/kontakt\\\/#breadcrumb\",\"itemListElement\":[{\"@type\":\"ListItem\",\"position\":1,\"name\":\"Home\",\"item\":\"https:\\\/\\\/bureaugelijkebehandeling.nl\\\/pl\\\/\"},{\"@type\":\"ListItem\",\"position\":2,\"name\":\"Kontakt\"}]},{\"@type\":\"WebSite\",\"@id\":\"https:\\\/\\\/bureaugelijkebehandeling.nl\\\/pl\\\/#website\",\"url\":\"https:\\\/\\\/bureaugelijkebehandeling.nl\\\/pl\\\/\",\"name\":\"Bureau Gelijke Behandeling Flevoland\",\"description\":\"\",\"potentialAction\":[{\"@type\":\"SearchAction\",\"target\":{\"@type\":\"EntryPoint\",\"urlTemplate\":\"https:\\\/\\\/bureaugelijkebehandeling.nl\\\/pl\\\/?s={search_term_string}\"},\"query-input\":{\"@type\":\"PropertyValueSpecification\",\"valueRequired\":true,\"valueName\":\"search_term_string\"}}],\"inLanguage\":\"pl-PL\"}]}<\/script>\n<!-- \/ Yoast SEO plugin. -->","yoast_head_json":{"title":"Kontakt - Bureau Gelijke Behandeling Flevoland","robots":{"index":"index","follow":"follow","max-snippet":"max-snippet:-1","max-image-preview":"max-image-preview:large","max-video-preview":"max-video-preview:-1"},"canonical":"https:\/\/bureaugelijkebehandeling.nl\/pl\/kontakt\/","og_locale":"pl_PL","og_type":"article","og_title":"Kontakt - Bureau Gelijke Behandeling Flevoland","og_url":"https:\/\/bureaugelijkebehandeling.nl\/pl\/kontakt\/","og_site_name":"Bureau Gelijke Behandeling Flevoland","article_modified_time":"2025-09-22T10:00:20+00:00","twitter_card":"summary_large_image","schema":{"@context":"https:\/\/schema.org","@graph":[{"@type":"WebPage","@id":"https:\/\/bureaugelijkebehandeling.nl\/pl\/kontakt\/","url":"https:\/\/bureaugelijkebehandeling.nl\/pl\/kontakt\/","name":"Kontakt - Bureau Gelijke Behandeling Flevoland","isPartOf":{"@id":"https:\/\/bureaugelijkebehandeling.nl\/pl\/#website"},"datePublished":"2021-04-13T08:30:53+00:00","dateModified":"2025-09-22T10:00:20+00:00","breadcrumb":{"@id":"https:\/\/bureaugelijkebehandeling.nl\/pl\/kontakt\/#breadcrumb"},"inLanguage":"pl-PL","potentialAction":[{"@type":"ReadAction","target":["https:\/\/bureaugelijkebehandeling.nl\/pl\/kontakt\/"]}]},{"@type":"BreadcrumbList","@id":"https:\/\/bureaugelijkebehandeling.nl\/pl\/kontakt\/#breadcrumb","itemListElement":[{"@type":"ListItem","position":1,"name":"Home","item":"https:\/\/bureaugelijkebehandeling.nl\/pl\/"},{"@type":"ListItem","position":2,"name":"Kontakt"}]},{"@type":"WebSite","@id":"https:\/\/bureaugelijkebehandeling.nl\/pl\/#website","url":"https:\/\/bureaugelijkebehandeling.nl\/pl\/","name":"Bureau Gelijke Behandeling Flevoland","description":"","potentialAction":[{"@type":"SearchAction","target":{"@type":"EntryPoint","urlTemplate":"https:\/\/bureaugelijkebehandeling.nl\/pl\/?s={search_term_string}"},"query-input":{"@type":"PropertyValueSpecification","valueRequired":true,"valueName":"search_term_string"}}],"inLanguage":"pl-PL"}]}},"_links":{"self":[{"href":"https:\/\/bureaugelijkebehandeling.nl\/pl\/wp-json\/wp\/v2\/pages\/244320","targetHints":{"allow":["GET"]}}],"collection":[{"href":"https:\/\/bureaugelijkebehandeling.nl\/pl\/wp-json\/wp\/v2\/pages"}],"about":[{"href":"https:\/\/bureaugelijkebehandeling.nl\/pl\/wp-json\/wp\/v2\/types\/page"}],"author":[{"embeddable":true,"href":"https:\/\/bureaugelijkebehandeling.nl\/pl\/wp-json\/wp\/v2\/users\/1"}],"replies":[{"embeddable":true,"href":"https:\/\/bureaugelijkebehandeling.nl\/pl\/wp-json\/wp\/v2\/comments?post=244320"}],"version-history":[{"count":1,"href":"https:\/\/bureaugelijkebehandeling.nl\/pl\/wp-json\/wp\/v2\/pages\/244320\/revisions"}],"predecessor-version":[{"id":244321,"href":"https:\/\/bureaugelijkebehandeling.nl\/pl\/wp-json\/wp\/v2\/pages\/244320\/revisions\/244321"}],"wp:attachment":[{"href":"https:\/\/bureaugelijkebehandeling.nl\/pl\/wp-json\/wp\/v2\/media?parent=244320"}],"curies":[{"name":"wp","href":"https:\/\/api.w.org\/{rel}","templated":true}]}}