{"id":243889,"date":"2022-02-01T08:53:44","date_gmt":"2022-02-01T07:53:44","guid":{"rendered":"https:\/\/bureaugelijkebehandeling.nl\/edukacja-i-szkolenia\/"},"modified":"2025-09-22T12:00:24","modified_gmt":"2025-09-22T10:00:24","slug":"edukacja-i-szkolenia","status":"publish","type":"page","link":"https:\/\/bureaugelijkebehandeling.nl\/pl\/edukacja-i-szkolenia\/","title":{"rendered":"Edukacja i szkolenia"},"content":{"rendered":"<div class=\"et_pb_section_0 et_pb_section et_section_regular et_block_section\"><div class=\"et_pb_row_0 et_pb_row et_block_row\"><div class=\"et_pb_column_0 et_pb_column et_pb_column_4_4 et-last-child et_block_column et_pb_css_mix_blend_mode_passthrough\"><div class=\"et_pb_text_0 et_pb_text et_pb_bg_layout_light et_pb_module et_flex_module\"><div class=\"et_pb_text_inner\"><h1>Edukacja i szkolenia<\/h1>\n<p>Urz\u0105d ds. R\u00f3wnego Traktowania we Flevoland przywi\u0105zuje du\u017c\u0105 wag\u0119 do edukacji i profilaktyki. Budowanie \u015bwiadomo\u015bci, uznania i wi\u0119zi jest podstaw\u0105 dobrego podej\u015bcia do walki z dyskryminacj\u0105 i r\u00f3wno\u015bci\u0105.<\/p>\n<p>Biuro ds. R\u00f3wnego Traktowania Flevoland przeprowadzi Ci\u0119 przez trudne lekcje i szkolenia na temat uprzedze\u0144, r\u00f3\u017cnorodno\u015bci i r\u00f3wnego traktowania. Oferowane zaj\u0119cia edukacyjne obejmuj\u0105: <\/p>\n<ul>\n<li>Dydaktyka aktywizuj\u0105ca<\/li>\n<li>Wiedza<\/li>\n<li>R\u00f3\u017cne metody pracy<\/li>\n<li>Osobiste historie<\/li>\n<li>\u015awiadomo\u015b\u0107<\/li>\n<\/ul>\n<p>Poni\u017csza oferta obejmuje r\u00f3\u017cnorodne dynamiczne wyk\u0142ady go\u015bcinne, warsztaty i szkolenia, podzielone na r\u00f3\u017cne tematyki. Dla szk\u00f3\u0142, instytucji i firm.<\/p>\n<\/div><\/div><\/div><\/div><div class=\"et_pb_row_1 et_pb_row et_block_row\"><div class=\"et_pb_column_1 et_pb_column et_pb_column_1_3 et_block_column et_pb_css_mix_blend_mode_passthrough\"><div class=\"et_pb_module et_pb_button_module_wrapper et_pb_button_0_wrapper\"><a class=\"et_pb_button_0 et_pb_button et_pb_bg_layout_dark et_pb_module et_flex_module\" href=\"https:\/\/bureaugelijkebehandeling.nl\/pl\/szkolnictwo-podstawowe\/\" data-icon=\"#\">Szkolnictwo podstawowe<\/a><\/div><\/div><div class=\"et_pb_column_2 et_pb_column et_pb_column_1_3 et_block_column et_pb_css_mix_blend_mode_passthrough\"><div class=\"et_pb_module et_pb_button_module_wrapper et_pb_button_1_wrapper\"><a class=\"et_pb_button_1 et_pb_button et_pb_bg_layout_dark et_pb_module et_flex_module\" href=\"https:\/\/bureaugelijkebehandeling.nl\/pl\/szkolnictwo-srednie\/\" data-icon=\"#\">Szkolnictwo \u015brednie<\/a><\/div><\/div><div class=\"et_pb_column_3 et_pb_column et_pb_column_1_3 et-last-child et_block_column et_pb_css_mix_blend_mode_passthrough\"><div class=\"et_pb_module et_pb_button_module_wrapper et_pb_button_2_wrapper\"><a class=\"et_pb_button_2 et_pb_button et_pb_bg_layout_dark et_pb_module et_flex_module\" href=\"https:\/\/bureaugelijkebehandeling.nl\/pl\/firmy-i-organizacje\/\" data-icon=\"#\">Firmy i organizacje<\/a><\/div><\/div><\/div><\/div>","protected":false},"excerpt":{"rendered":"","protected":false},"author":1,"featured_media":0,"parent":0,"menu_order":0,"comment_status":"closed","ping_status":"closed","template":"","meta":{"footnotes":""},"class_list":["post-243889","page","type-page","status-publish","hentry"],"yoast_head":"<!-- This site is optimized with the Yoast SEO plugin v27.6 - https:\/\/yoast.com\/product\/yoast-seo-wordpress\/ -->\n<title>Edukacja i szkolenia - Bureau Gelijke Behandeling Flevoland<\/title>\n<meta name=\"robots\" content=\"index, follow, max-snippet:-1, max-image-preview:large, max-video-preview:-1\" \/>\n<link rel=\"canonical\" href=\"https:\/\/bureaugelijkebehandeling.nl\/pl\/edukacja-i-szkolenia\/\" \/>\n<meta property=\"og:locale\" content=\"pl_PL\" \/>\n<meta property=\"og:type\" content=\"article\" \/>\n<meta property=\"og:title\" content=\"Edukacja i szkolenia - Bureau Gelijke Behandeling Flevoland\" \/>\n<meta property=\"og:url\" content=\"https:\/\/bureaugelijkebehandeling.nl\/pl\/edukacja-i-szkolenia\/\" \/>\n<meta property=\"og:site_name\" content=\"Bureau Gelijke Behandeling Flevoland\" \/>\n<meta property=\"article:modified_time\" content=\"2025-09-22T10:00:24+00:00\" \/>\n<meta name=\"twitter:card\" content=\"summary_large_image\" \/>\n<script type=\"application\/ld+json\" class=\"yoast-schema-graph\">{\"@context\":\"https:\\\/\\\/schema.org\",\"@graph\":[{\"@type\":\"WebPage\",\"@id\":\"https:\\\/\\\/bureaugelijkebehandeling.nl\\\/pl\\\/edukacja-i-szkolenia\\\/\",\"url\":\"https:\\\/\\\/bureaugelijkebehandeling.nl\\\/pl\\\/edukacja-i-szkolenia\\\/\",\"name\":\"Edukacja i szkolenia - Bureau Gelijke Behandeling Flevoland\",\"isPartOf\":{\"@id\":\"https:\\\/\\\/bureaugelijkebehandeling.nl\\\/pl\\\/#website\"},\"datePublished\":\"2022-02-01T07:53:44+00:00\",\"dateModified\":\"2025-09-22T10:00:24+00:00\",\"breadcrumb\":{\"@id\":\"https:\\\/\\\/bureaugelijkebehandeling.nl\\\/pl\\\/edukacja-i-szkolenia\\\/#breadcrumb\"},\"inLanguage\":\"pl-PL\",\"potentialAction\":[{\"@type\":\"ReadAction\",\"target\":[\"https:\\\/\\\/bureaugelijkebehandeling.nl\\\/pl\\\/edukacja-i-szkolenia\\\/\"]}]},{\"@type\":\"BreadcrumbList\",\"@id\":\"https:\\\/\\\/bureaugelijkebehandeling.nl\\\/pl\\\/edukacja-i-szkolenia\\\/#breadcrumb\",\"itemListElement\":[{\"@type\":\"ListItem\",\"position\":1,\"name\":\"Home\",\"item\":\"https:\\\/\\\/bureaugelijkebehandeling.nl\\\/pl\\\/\"},{\"@type\":\"ListItem\",\"position\":2,\"name\":\"Edukacja i szkolenia\"}]},{\"@type\":\"WebSite\",\"@id\":\"https:\\\/\\\/bureaugelijkebehandeling.nl\\\/pl\\\/#website\",\"url\":\"https:\\\/\\\/bureaugelijkebehandeling.nl\\\/pl\\\/\",\"name\":\"Bureau Gelijke Behandeling Flevoland\",\"description\":\"\",\"potentialAction\":[{\"@type\":\"SearchAction\",\"target\":{\"@type\":\"EntryPoint\",\"urlTemplate\":\"https:\\\/\\\/bureaugelijkebehandeling.nl\\\/pl\\\/?s={search_term_string}\"},\"query-input\":{\"@type\":\"PropertyValueSpecification\",\"valueRequired\":true,\"valueName\":\"search_term_string\"}}],\"inLanguage\":\"pl-PL\"}]}<\/script>\n<!-- \/ Yoast SEO plugin. -->","yoast_head_json":{"title":"Edukacja i szkolenia - Bureau Gelijke Behandeling Flevoland","robots":{"index":"index","follow":"follow","max-snippet":"max-snippet:-1","max-image-preview":"max-image-preview:large","max-video-preview":"max-video-preview:-1"},"canonical":"https:\/\/bureaugelijkebehandeling.nl\/pl\/edukacja-i-szkolenia\/","og_locale":"pl_PL","og_type":"article","og_title":"Edukacja i szkolenia - Bureau Gelijke Behandeling Flevoland","og_url":"https:\/\/bureaugelijkebehandeling.nl\/pl\/edukacja-i-szkolenia\/","og_site_name":"Bureau Gelijke Behandeling Flevoland","article_modified_time":"2025-09-22T10:00:24+00:00","twitter_card":"summary_large_image","schema":{"@context":"https:\/\/schema.org","@graph":[{"@type":"WebPage","@id":"https:\/\/bureaugelijkebehandeling.nl\/pl\/edukacja-i-szkolenia\/","url":"https:\/\/bureaugelijkebehandeling.nl\/pl\/edukacja-i-szkolenia\/","name":"Edukacja i szkolenia - Bureau Gelijke Behandeling Flevoland","isPartOf":{"@id":"https:\/\/bureaugelijkebehandeling.nl\/pl\/#website"},"datePublished":"2022-02-01T07:53:44+00:00","dateModified":"2025-09-22T10:00:24+00:00","breadcrumb":{"@id":"https:\/\/bureaugelijkebehandeling.nl\/pl\/edukacja-i-szkolenia\/#breadcrumb"},"inLanguage":"pl-PL","potentialAction":[{"@type":"ReadAction","target":["https:\/\/bureaugelijkebehandeling.nl\/pl\/edukacja-i-szkolenia\/"]}]},{"@type":"BreadcrumbList","@id":"https:\/\/bureaugelijkebehandeling.nl\/pl\/edukacja-i-szkolenia\/#breadcrumb","itemListElement":[{"@type":"ListItem","position":1,"name":"Home","item":"https:\/\/bureaugelijkebehandeling.nl\/pl\/"},{"@type":"ListItem","position":2,"name":"Edukacja i szkolenia"}]},{"@type":"WebSite","@id":"https:\/\/bureaugelijkebehandeling.nl\/pl\/#website","url":"https:\/\/bureaugelijkebehandeling.nl\/pl\/","name":"Bureau Gelijke Behandeling Flevoland","description":"","potentialAction":[{"@type":"SearchAction","target":{"@type":"EntryPoint","urlTemplate":"https:\/\/bureaugelijkebehandeling.nl\/pl\/?s={search_term_string}"},"query-input":{"@type":"PropertyValueSpecification","valueRequired":true,"valueName":"search_term_string"}}],"inLanguage":"pl-PL"}]}},"_links":{"self":[{"href":"https:\/\/bureaugelijkebehandeling.nl\/pl\/wp-json\/wp\/v2\/pages\/243889","targetHints":{"allow":["GET"]}}],"collection":[{"href":"https:\/\/bureaugelijkebehandeling.nl\/pl\/wp-json\/wp\/v2\/pages"}],"about":[{"href":"https:\/\/bureaugelijkebehandeling.nl\/pl\/wp-json\/wp\/v2\/types\/page"}],"author":[{"embeddable":true,"href":"https:\/\/bureaugelijkebehandeling.nl\/pl\/wp-json\/wp\/v2\/users\/1"}],"replies":[{"embeddable":true,"href":"https:\/\/bureaugelijkebehandeling.nl\/pl\/wp-json\/wp\/v2\/comments?post=243889"}],"version-history":[{"count":2,"href":"https:\/\/bureaugelijkebehandeling.nl\/pl\/wp-json\/wp\/v2\/pages\/243889\/revisions"}],"predecessor-version":[{"id":243891,"href":"https:\/\/bureaugelijkebehandeling.nl\/pl\/wp-json\/wp\/v2\/pages\/243889\/revisions\/243891"}],"wp:attachment":[{"href":"https:\/\/bureaugelijkebehandeling.nl\/pl\/wp-json\/wp\/v2\/media?parent=243889"}],"curies":[{"name":"wp","href":"https:\/\/api.w.org\/{rel}","templated":true}]}}